{"id":301,"date":"2019-03-07T19:01:10","date_gmt":"2019-03-07T19:01:10","guid":{"rendered":"https:\/\/atlanticgoaltendingacademy.com\/?page_id=301"},"modified":"2021-01-13T15:34:44","modified_gmt":"2021-01-13T15:34:44","slug":"registration-information","status":"publish","type":"page","link":"https:\/\/atlanticgoaltendingacademy.com\/fr\/registration-information\/","title":{"rendered":"ENREGISTREMENT"},"content":{"rendered":"\n<p>L&#8217;enregistrement est limit\u00e9 et les applications seront accept\u00e9es sur une base de premier arriv\u00e9, premier servi. Le Groupe de Hockey Atlantique recommande fortement que vous envoyez votre formulaire d\u00e8s que possible pour assur\u00e9 votre premier choix de camp. <\/p>\n\n\n\n<h4 class=\"wp-block-heading\" id=\"mce_0\">LIEU DES CAMPS<\/h4>\n\n\n\n<p><strong>MONCTON<\/strong> &#8211; SUPERIOR PROPANE CENTER  <\/p>\n\n\n\n<p><strong>SAINT JOHN<\/strong> &#8211; QUISPAMSIS Q-PLEX  <\/p>\n\n\n\n<p><strong>NEW GLASGOW<\/strong> &#8211; PICTOU COUNTY WELLNESS CENTER <\/p>\n\n\n\n<p>SVP compl\u00e9ter et envoyer par la poste les Formulaires au : <\/p>\n\n\n\n<p><strong>Atlantic Hockey Group<\/strong><br>P.O. Box 1481<br>Moncton, N.B. E1C 8T6 <\/p>\n\n\n\n<h4 class=\"wp-block-heading\" id=\"mce_5\"><strong>M\u00c9THODE DE PAIEMENT<\/strong><\/h4>\n\n\n\n<ol class=\"wp-block-list\"><li><strong>Par ch\u00e8que<\/strong> &#8211; Deux ch\u00e8ques devront accompagner le formulaire d&#8217;application. Un d\u00e9p\u00f4t de $100.00 et un second ch\u00e8que postdat\u00e9 pour le 1er Juin, 2019 pour la balance. SVP v\u00e9rifier les frais d&#8217;enregistrement pour le camp que vous aurez choisi. <strong>Mettre les ch\u00e8ques payables au : Atlantic Hockey Group<\/strong><\/li><li><strong>Carte de cr\u00e9dit<\/strong> &#8211; Si vous payez par carte de cr\u00e9dit, SVP compl\u00e9ter l&#8217;information requise dans le formulaire d&#8217;application.<\/li><\/ol>\n\n\n\n<h3 class=\"wp-block-heading\" id=\"mce_6\"><a href=\"https:\/\/register.atlantichockeygroup.com\/product-category\/atlantic-goaltending-academy\/\">ENREGISTREMENT EN LIGNE<\/a><\/h3>\n\n\n\n<h4 class=\"wp-block-heading\" id=\"mce_8\"><strong>ASSURANCE D&#8217;ENREGISTREMENT<\/strong><\/h4>\n\n\n\n<p>L&#8217;AGA comprend que des blessures peuvent arriver lors des camps, nous offrons aux membres la chance de se procurer une assurance qui remboursera les frais d&#8217;enregistrement au prorata. <strong>(pour confirmer SVP cocher la bo\u00eete dans le formulaire d&#8217;application)<\/strong><\/p>\n\n\n\n<h4 class=\"wp-block-heading\" id=\"mce_9\"><strong>RABAIS<\/strong><\/h4>\n\n\n\n<p><strong>Famille <\/strong>: Le premier joueur sera \u00e0 prix r\u00e9gulier. D\u00e9duire 10% sur les frais d&#8217;enregistrement pour chaque membre de la famille suppl\u00e9mentaire.<\/p>\n\n\n\n<p><strong>Programmes Multiples <\/strong>: Les \u00e9tudiants s&#8217;enregistrant pour plus qu&#8217;un programme de l&#8217;AGA d\u00e9duiront 10% des frais d&#8217;enregistrement pour chaque programme suppl\u00e9mentaire. <\/p>\n\n\n\n<p><strong>Note <\/strong>: Les rabais s&#8217;appliqueront seulement pour des camps au prix plus bas. Par exemple : pour des gardiens inscrits dans le camp B\u00e2tir sur les habilet\u00e9s de base et le camp Pr\u00e9-saison, le rabais s&#8217;appliquerait au camp Pr\u00e9-saison (10%).<\/p>\n\n\n\n<h4 class=\"wp-block-heading\" id=\"mce_10\">POLITIQUE DE REMBOURSEMENT<\/h4>\n\n\n\n<p><strong>Annulations et remboursements<\/strong><\/p>\n\n\n\n<p>Les frais d&#8217;entra\u00eenement sont bas\u00e9s sur un nombre d&#8217;enregistrement limit\u00e9. Il n&#8217;est donc pas possible d&#8217;offrir une politique de remboursement ouverte. Les frais ne seront pas rembours\u00e9s, sauf pour des raisons m\u00e9dicales. Si le joueur enregistr\u00e9 assiste \u00e0 l&#8217;une des sessions, le remboursement sera au prorata.<\/p>\n\n\n\n<p>Note :  Une charge administrative de 10% des frais d&#8217;enregistrements sera \u00e9valu\u00e9 par rapport \u00e0 tous les remboursements. Les \u00e9tudiants qui quittent un camp volontairement ou sont renvoy\u00e9s pour des raisons disciplinaires ne seront pas rembours\u00e9s.<\/p>\n\n\n\n<figure class=\"wp-block-image\"><img loading=\"lazy\" decoding=\"async\" width=\"731\" height=\"1024\" src=\"https:\/\/atlanticgoaltendingacademy.com\/wp-content\/uploads\/2019\/03\/PCAGA2019-153-of-166-731x1024.jpg\" alt=\"\" class=\"wp-image-303\" srcset=\"https:\/\/atlanticgoaltendingacademy.com\/wp-content\/uploads\/2019\/03\/PCAGA2019-153-of-166-731x1024.jpg 731w, https:\/\/atlanticgoaltendingacademy.com\/wp-content\/uploads\/2019\/03\/PCAGA2019-153-of-166-214x300.jpg 214w, https:\/\/atlanticgoaltendingacademy.com\/wp-content\/uploads\/2019\/03\/PCAGA2019-153-of-166-768x1075.jpg 768w\" sizes=\"auto, (max-width: 731px) 100vw, 731px\" \/><\/figure>\n\n\n<p><!--EndFragment--><\/p>","protected":false},"excerpt":{"rendered":"<p>L&#8217;enregistrement est limit\u00e9 et les applications seront accept\u00e9es sur une base de premier arriv\u00e9, premier servi. Le Groupe de Hockey Atlantique recommande fortement que vous envoyez votre formulaire d\u00e8s que possible pour assur\u00e9 votre premier choix de camp. LIEU DES CAMPS MONCTON &#8211; SUPERIOR PROPANE CENTER SAINT JOHN &#8211; QUISPAMSIS Q-PLEX NEW GLASGOW &#8211; PICTOU [&hellip;]<\/p>\n","protected":false},"author":1,"featured_media":888,"parent":0,"menu_order":0,"comment_status":"closed","ping_status":"closed","template":"","meta":{"_themeisle_gutenberg_block_has_review":false,"footnotes":""},"class_list":["post-301","page","type-page","status-publish","has-post-thumbnail","hentry"],"translation":{"provider":"WPGlobus","version":"3.0.2","language":"fr","enabled_languages":["en","fr"],"languages":{"en":{"title":true,"content":true,"excerpt":false},"fr":{"title":true,"content":true,"excerpt":false}}},"yoast_head":"<!-- This site is optimized with the Yoast SEO plugin v27.4 - https:\/\/yoast.com\/product\/yoast-seo-wordpress\/ -->\n<title>ENREGISTREMENT  - atlanticgoaltendingacademy<\/title>\n<meta name=\"robots\" content=\"index, follow, max-snippet:-1, max-image-preview:large, max-video-preview:-1\" \/>\n<link rel=\"canonical\" href=\"https:\/\/atlanticgoaltendingacademy.com\/registration-information\/\" \/>\n<meta property=\"og:locale\" content=\"fr_FR\" \/>\n<meta property=\"og:type\" content=\"article\" \/>\n<meta property=\"og:title\" content=\"ENREGISTREMENT  - atlanticgoaltendingacademy\" \/>\n<meta property=\"og:url\" content=\"https:\/\/atlanticgoaltendingacademy.com\/registration-information\/\" \/>\n<meta property=\"og:site_name\" content=\"atlanticgoaltendingacademy\" \/>\n<meta property=\"article:publisher\" content=\"https:\/\/www.facebook.com\/AGAGOALTENDING\/?ref=bookmarks\" \/>\n<meta property=\"article:modified_time\" content=\"2021-01-13T15:34:44+00:00\" \/>\n<meta property=\"og:image\" content=\"https:\/\/atlanticgoaltendingacademy.com\/wp-content\/uploads\/2021\/01\/summer-2021.jpg\" \/>\n\t<meta property=\"og:image:width\" content=\"2400\" \/>\n\t<meta property=\"og:image:height\" content=\"1350\" \/>\n\t<meta property=\"og:image:type\" content=\"image\/jpeg\" \/>\n<meta name=\"twitter:card\" content=\"summary_large_image\" \/>\n<meta name=\"twitter:label1\" content=\"Est. reading time\" \/>\n\t<meta name=\"twitter:data1\" content=\"4 minutes\" \/>\n<script type=\"application\/ld+json\" class=\"yoast-schema-graph\">{\"@context\":\"https:\\\/\\\/schema.org\",\"@graph\":[{\"@type\":\"WebPage\",\"@id\":\"https:\\\/\\\/atlanticgoaltendingacademy.com\\\/registration-information\\\/\",\"url\":\"https:\\\/\\\/atlanticgoaltendingacademy.com\\\/registration-information\\\/\",\"name\":\"ENREGISTREMENT - atlanticgoaltendingacademy\",\"isPartOf\":{\"@id\":\"https:\\\/\\\/atlanticgoaltendingacademy.com\\\/#website\"},\"primaryImageOfPage\":{\"@id\":\"https:\\\/\\\/atlanticgoaltendingacademy.com\\\/registration-information\\\/#primaryimage\"},\"image\":{\"@id\":\"https:\\\/\\\/atlanticgoaltendingacademy.com\\\/registration-information\\\/#primaryimage\"},\"thumbnailUrl\":\"https:\\\/\\\/atlanticgoaltendingacademy.com\\\/wp-content\\\/uploads\\\/2021\\\/01\\\/summer-2021.jpg\",\"datePublished\":\"2019-03-07T19:01:10+00:00\",\"dateModified\":\"2021-01-13T15:34:44+00:00\",\"breadcrumb\":{\"@id\":\"https:\\\/\\\/atlanticgoaltendingacademy.com\\\/registration-information\\\/#breadcrumb\"},\"inLanguage\":\"fr-FR\",\"potentialAction\":[{\"@type\":\"ReadAction\",\"target\":[\"https:\\\/\\\/atlanticgoaltendingacademy.com\\\/registration-information\\\/\"]}]},{\"@type\":\"ImageObject\",\"inLanguage\":\"fr-FR\",\"@id\":\"https:\\\/\\\/atlanticgoaltendingacademy.com\\\/registration-information\\\/#primaryimage\",\"url\":\"https:\\\/\\\/atlanticgoaltendingacademy.com\\\/wp-content\\\/uploads\\\/2021\\\/01\\\/summer-2021.jpg\",\"contentUrl\":\"https:\\\/\\\/atlanticgoaltendingacademy.com\\\/wp-content\\\/uploads\\\/2021\\\/01\\\/summer-2021.jpg\",\"width\":2400,\"height\":1350},{\"@type\":\"BreadcrumbList\",\"@id\":\"https:\\\/\\\/atlanticgoaltendingacademy.com\\\/registration-information\\\/#breadcrumb\",\"itemListElement\":[{\"@type\":\"ListItem\",\"position\":1,\"name\":\"Home\",\"item\":\"https:\\\/\\\/atlanticgoaltendingacademy.com\\\/\"},{\"@type\":\"ListItem\",\"position\":2,\"name\":\"REGISTRATION INFORMATION\"}]},{\"@type\":\"WebSite\",\"@id\":\"https:\\\/\\\/atlanticgoaltendingacademy.com\\\/#website\",\"url\":\"https:\\\/\\\/atlanticgoaltendingacademy.com\\\/\",\"name\":\"Atlantic Goaltending Academy\",\"description\":\"Atlantic Canada&#039;s Largest Goaltending Academy\",\"publisher\":{\"@id\":\"https:\\\/\\\/atlanticgoaltendingacademy.com\\\/#organization\"},\"potentialAction\":[{\"@type\":\"SearchAction\",\"target\":{\"@type\":\"EntryPoint\",\"urlTemplate\":\"https:\\\/\\\/atlanticgoaltendingacademy.com\\\/?s={search_term_string}\"},\"query-input\":{\"@type\":\"PropertyValueSpecification\",\"valueRequired\":true,\"valueName\":\"search_term_string\"}}],\"inLanguage\":\"fr-FR\"},{\"@type\":\"Organization\",\"@id\":\"https:\\\/\\\/atlanticgoaltendingacademy.com\\\/#organization\",\"name\":\"Atlantic Goaltending Academy\",\"url\":\"https:\\\/\\\/atlanticgoaltendingacademy.com\\\/\",\"logo\":{\"@type\":\"ImageObject\",\"inLanguage\":\"fr-FR\",\"@id\":\"https:\\\/\\\/atlanticgoaltendingacademy.com\\\/#\\\/schema\\\/logo\\\/image\\\/\",\"url\":\"https:\\\/\\\/atlanticgoaltendingacademy.com\\\/wp-content\\\/uploads\\\/2019\\\/02\\\/AHGGoaltendingAcademyLogo_pos-white-g.png\",\"contentUrl\":\"https:\\\/\\\/atlanticgoaltendingacademy.com\\\/wp-content\\\/uploads\\\/2019\\\/02\\\/AHGGoaltendingAcademyLogo_pos-white-g.png\",\"width\":1665,\"height\":726,\"caption\":\"Atlantic Goaltending Academy\"},\"image\":{\"@id\":\"https:\\\/\\\/atlanticgoaltendingacademy.com\\\/#\\\/schema\\\/logo\\\/image\\\/\"},\"sameAs\":[\"https:\\\/\\\/www.facebook.com\\\/AGAGOALTENDING\\\/?ref=bookmarks\",\"https:\\\/\\\/www.instagram.com\\\/atlanticgoaltendingacademy\\\/\"]}]}<\/script>\n<!-- \/ Yoast SEO plugin. -->","yoast_head_json":{"title":"ENREGISTREMENT  - atlanticgoaltendingacademy","robots":{"index":"index","follow":"follow","max-snippet":"max-snippet:-1","max-image-preview":"max-image-preview:large","max-video-preview":"max-video-preview:-1"},"canonical":"https:\/\/atlanticgoaltendingacademy.com\/registration-information\/","og_locale":"fr_FR","og_type":"article","og_title":"ENREGISTREMENT  - atlanticgoaltendingacademy","og_url":"https:\/\/atlanticgoaltendingacademy.com\/registration-information\/","og_site_name":"atlanticgoaltendingacademy","article_publisher":"https:\/\/www.facebook.com\/AGAGOALTENDING\/?ref=bookmarks","article_modified_time":"2021-01-13T15:34:44+00:00","og_image":[{"width":2400,"height":1350,"url":"https:\/\/atlanticgoaltendingacademy.com\/wp-content\/uploads\/2021\/01\/summer-2021.jpg","type":"image\/jpeg"}],"twitter_card":"summary_large_image","twitter_misc":{"Est. reading time":"4 minutes"},"schema":{"@context":"https:\/\/schema.org","@graph":[{"@type":"WebPage","@id":"https:\/\/atlanticgoaltendingacademy.com\/registration-information\/","url":"https:\/\/atlanticgoaltendingacademy.com\/registration-information\/","name":"ENREGISTREMENT - atlanticgoaltendingacademy","isPartOf":{"@id":"https:\/\/atlanticgoaltendingacademy.com\/#website"},"primaryImageOfPage":{"@id":"https:\/\/atlanticgoaltendingacademy.com\/registration-information\/#primaryimage"},"image":{"@id":"https:\/\/atlanticgoaltendingacademy.com\/registration-information\/#primaryimage"},"thumbnailUrl":"https:\/\/atlanticgoaltendingacademy.com\/wp-content\/uploads\/2021\/01\/summer-2021.jpg","datePublished":"2019-03-07T19:01:10+00:00","dateModified":"2021-01-13T15:34:44+00:00","breadcrumb":{"@id":"https:\/\/atlanticgoaltendingacademy.com\/registration-information\/#breadcrumb"},"inLanguage":"fr-FR","potentialAction":[{"@type":"ReadAction","target":["https:\/\/atlanticgoaltendingacademy.com\/registration-information\/"]}]},{"@type":"ImageObject","inLanguage":"fr-FR","@id":"https:\/\/atlanticgoaltendingacademy.com\/registration-information\/#primaryimage","url":"https:\/\/atlanticgoaltendingacademy.com\/wp-content\/uploads\/2021\/01\/summer-2021.jpg","contentUrl":"https:\/\/atlanticgoaltendingacademy.com\/wp-content\/uploads\/2021\/01\/summer-2021.jpg","width":2400,"height":1350},{"@type":"BreadcrumbList","@id":"https:\/\/atlanticgoaltendingacademy.com\/registration-information\/#breadcrumb","itemListElement":[{"@type":"ListItem","position":1,"name":"Home","item":"https:\/\/atlanticgoaltendingacademy.com\/"},{"@type":"ListItem","position":2,"name":"REGISTRATION INFORMATION"}]},{"@type":"WebSite","@id":"https:\/\/atlanticgoaltendingacademy.com\/#website","url":"https:\/\/atlanticgoaltendingacademy.com\/","name":"Atlantic Goaltending Academy","description":"Atlantic Canada&#039;s Largest Goaltending Academy","publisher":{"@id":"https:\/\/atlanticgoaltendingacademy.com\/#organization"},"potentialAction":[{"@type":"SearchAction","target":{"@type":"EntryPoint","urlTemplate":"https:\/\/atlanticgoaltendingacademy.com\/?s={search_term_string}"},"query-input":{"@type":"PropertyValueSpecification","valueRequired":true,"valueName":"search_term_string"}}],"inLanguage":"fr-FR"},{"@type":"Organization","@id":"https:\/\/atlanticgoaltendingacademy.com\/#organization","name":"Atlantic Goaltending Academy","url":"https:\/\/atlanticgoaltendingacademy.com\/","logo":{"@type":"ImageObject","inLanguage":"fr-FR","@id":"https:\/\/atlanticgoaltendingacademy.com\/#\/schema\/logo\/image\/","url":"https:\/\/atlanticgoaltendingacademy.com\/wp-content\/uploads\/2019\/02\/AHGGoaltendingAcademyLogo_pos-white-g.png","contentUrl":"https:\/\/atlanticgoaltendingacademy.com\/wp-content\/uploads\/2019\/02\/AHGGoaltendingAcademyLogo_pos-white-g.png","width":1665,"height":726,"caption":"Atlantic Goaltending Academy"},"image":{"@id":"https:\/\/atlanticgoaltendingacademy.com\/#\/schema\/logo\/image\/"},"sameAs":["https:\/\/www.facebook.com\/AGAGOALTENDING\/?ref=bookmarks","https:\/\/www.instagram.com\/atlanticgoaltendingacademy\/"]}]}},"_links":{"self":[{"href":"https:\/\/atlanticgoaltendingacademy.com\/fr\/wp-json\/wp\/v2\/pages\/301","targetHints":{"allow":["GET"]}}],"collection":[{"href":"https:\/\/atlanticgoaltendingacademy.com\/fr\/wp-json\/wp\/v2\/pages"}],"about":[{"href":"https:\/\/atlanticgoaltendingacademy.com\/fr\/wp-json\/wp\/v2\/types\/page"}],"author":[{"embeddable":true,"href":"https:\/\/atlanticgoaltendingacademy.com\/fr\/wp-json\/wp\/v2\/users\/1"}],"replies":[{"embeddable":true,"href":"https:\/\/atlanticgoaltendingacademy.com\/fr\/wp-json\/wp\/v2\/comments?post=301"}],"version-history":[{"count":5,"href":"https:\/\/atlanticgoaltendingacademy.com\/fr\/wp-json\/wp\/v2\/pages\/301\/revisions"}],"predecessor-version":[{"id":893,"href":"https:\/\/atlanticgoaltendingacademy.com\/fr\/wp-json\/wp\/v2\/pages\/301\/revisions\/893"}],"wp:featuredmedia":[{"embeddable":true,"href":"https:\/\/atlanticgoaltendingacademy.com\/fr\/wp-json\/wp\/v2\/media\/888"}],"wp:attachment":[{"href":"https:\/\/atlanticgoaltendingacademy.com\/fr\/wp-json\/wp\/v2\/media?parent=301"}],"curies":[{"name":"wp","href":"https:\/\/api.w.org\/{rel}","templated":true}]}}