{"id":273,"date":"2019-03-07T00:41:41","date_gmt":"2019-03-07T00:41:41","guid":{"rendered":"https:\/\/atlanticgoaltendingacademy.com\/?page_id=273"},"modified":"2021-09-13T15:39:57","modified_gmt":"2021-09-13T15:39:57","slug":"minor-hockey-clinics","status":"publish","type":"page","link":"https:\/\/atlanticgoaltendingacademy.com\/fr\/minor-hockey-clinics\/","title":{"rendered":"CLINIQUE HOCKEY MINEURE"},"content":{"rendered":"\n<p>Le Groupe de Hockey Atlantique fourni des programmes de d\u00e9veloppement de gardien en saison  pour les des associations de hockey mineures aux travers des Provinces Maritimes.<\/p>\n\n\n\n<h4 class=\"wp-block-heading\" id=\"mce_0\">Nous sommes fi\u00e8res de travaill\u00e9 avec les associations suivantes pour la saison de 2020-21<\/h4>\n\n\n\n<h3 class=\"wp-block-heading\" id=\"block-0bf0cca5-a3bc-4698-8b5b-c8f82ee0e313\">Moncton Minor Hockey<br>Dieppe Minor Hockey<br>Petitcodiac Minor Hockey<br>Miramichi Minor Hockey<br>Lewisville Minor Hockey<br>Bouctouche Minor Hockey<br>KV Minor Hockey<br>EDZA SOUTH<\/h3>\n\n\n\n<p>Les Programmes sont fais sur mesure pour rencontrer les budgets de chaques associations. Que ce soit une clinique d&#8217;une session ou une s\u00e9rie de cliniques durant la saison, nos entra\u00eeneurs d&#8217;exp\u00e9rience d\u00e9veloppent tout niveau de gardiens. Notre \u00e9quipe voyagera avec vous jusqu&#8217;\u00e0 votre ar\u00e9na pour donner des instructions. Des entra\u00eeneurs chefs seront fournis pour chaque session. Le GHA va mener les cliniques en fonction des besoins de l&#8217;association. Envoyez un <a rel=\"noreferrer noopener\" href=\"mailto:davekennedyaga@gmail.com\" target=\"_blank\">courriel<\/a> pour avoir un estim\u00e9. <\/p>\n\n\n\n<h3 class=\"wp-block-heading\" id=\"mce_3\">Clinique pour entra\u00eeneur gardiens<\/h3>\n\n\n\n<p>Laissez nous aider \u00e0 vos entra\u00eeneurs de gardiens comment bien travailler avec des gardiens et les g\u00e9rer en pratique. Des d\u00e9monstrations sur-glace et en salle de classe apprendront aux entra\u00eeneurs les techniques \u00e0 utiliser et enseigner \u00e0 leurs gardiens de fa\u00e7on efficaces en pratiques. <\/p>\n\n\n\n<p> <\/p>\n","protected":false},"excerpt":{"rendered":"<p>Le Groupe de Hockey Atlantique fourni des programmes de d\u00e9veloppement de gardien en saison pour les des associations de hockey mineures aux travers des Provinces Maritimes. Nous sommes fi\u00e8res de travaill\u00e9 avec les associations suivantes pour la saison de 2020-21 Moncton Minor HockeyDieppe Minor HockeyPetitcodiac Minor HockeyMiramichi Minor HockeyLewisville Minor HockeyBouctouche Minor HockeyKV Minor HockeyEDZA [&hellip;]<\/p>\n","protected":false},"author":1,"featured_media":274,"parent":0,"menu_order":0,"comment_status":"closed","ping_status":"closed","template":"","meta":{"_themeisle_gutenberg_block_has_review":false,"footnotes":""},"class_list":["post-273","page","type-page","status-publish","has-post-thumbnail","hentry"],"translation":{"provider":"WPGlobus","version":"3.0.2","language":"fr","enabled_languages":["en","fr"],"languages":{"en":{"title":true,"content":true,"excerpt":false},"fr":{"title":true,"content":true,"excerpt":false}}},"yoast_head":"<!-- This site is optimized with the Yoast SEO plugin v27.4 - https:\/\/yoast.com\/product\/yoast-seo-wordpress\/ -->\n<title>CLINIQUE HOCKEY MINEURE - atlanticgoaltendingacademy<\/title>\n<meta name=\"robots\" content=\"index, follow, max-snippet:-1, max-image-preview:large, max-video-preview:-1\" \/>\n<link rel=\"canonical\" href=\"https:\/\/atlanticgoaltendingacademy.com\/minor-hockey-clinics\/\" \/>\n<meta property=\"og:locale\" content=\"fr_FR\" \/>\n<meta property=\"og:type\" content=\"article\" \/>\n<meta property=\"og:title\" content=\"CLINIQUE HOCKEY MINEURE - atlanticgoaltendingacademy\" \/>\n<meta property=\"og:url\" content=\"https:\/\/atlanticgoaltendingacademy.com\/minor-hockey-clinics\/\" \/>\n<meta property=\"og:site_name\" content=\"atlanticgoaltendingacademy\" \/>\n<meta property=\"article:publisher\" content=\"https:\/\/www.facebook.com\/AGAGOALTENDING\/?ref=bookmarks\" \/>\n<meta property=\"article:modified_time\" content=\"2021-09-13T15:39:57+00:00\" \/>\n<meta property=\"og:image\" content=\"https:\/\/atlanticgoaltendingacademy.com\/wp-content\/uploads\/2019\/03\/PCAGA2019-28-of-166.jpg\" \/>\n\t<meta property=\"og:image:width\" content=\"4429\" \/>\n\t<meta property=\"og:image:height\" content=\"2953\" \/>\n\t<meta property=\"og:image:type\" content=\"image\/jpeg\" \/>\n<meta name=\"twitter:card\" content=\"summary_large_image\" \/>\n<meta name=\"twitter:label1\" content=\"Est. reading time\" \/>\n\t<meta name=\"twitter:data1\" content=\"2 minutes\" \/>\n<script type=\"application\/ld+json\" class=\"yoast-schema-graph\">{\"@context\":\"https:\\\/\\\/schema.org\",\"@graph\":[{\"@type\":\"WebPage\",\"@id\":\"https:\\\/\\\/atlanticgoaltendingacademy.com\\\/minor-hockey-clinics\\\/\",\"url\":\"https:\\\/\\\/atlanticgoaltendingacademy.com\\\/minor-hockey-clinics\\\/\",\"name\":\"CLINIQUE HOCKEY MINEURE - atlanticgoaltendingacademy\",\"isPartOf\":{\"@id\":\"https:\\\/\\\/atlanticgoaltendingacademy.com\\\/#website\"},\"primaryImageOfPage\":{\"@id\":\"https:\\\/\\\/atlanticgoaltendingacademy.com\\\/minor-hockey-clinics\\\/#primaryimage\"},\"image\":{\"@id\":\"https:\\\/\\\/atlanticgoaltendingacademy.com\\\/minor-hockey-clinics\\\/#primaryimage\"},\"thumbnailUrl\":\"https:\\\/\\\/atlanticgoaltendingacademy.com\\\/wp-content\\\/uploads\\\/2019\\\/03\\\/PCAGA2019-28-of-166.jpg\",\"datePublished\":\"2019-03-07T00:41:41+00:00\",\"dateModified\":\"2021-09-13T15:39:57+00:00\",\"breadcrumb\":{\"@id\":\"https:\\\/\\\/atlanticgoaltendingacademy.com\\\/minor-hockey-clinics\\\/#breadcrumb\"},\"inLanguage\":\"fr-FR\",\"potentialAction\":[{\"@type\":\"ReadAction\",\"target\":[\"https:\\\/\\\/atlanticgoaltendingacademy.com\\\/minor-hockey-clinics\\\/\"]}]},{\"@type\":\"ImageObject\",\"inLanguage\":\"fr-FR\",\"@id\":\"https:\\\/\\\/atlanticgoaltendingacademy.com\\\/minor-hockey-clinics\\\/#primaryimage\",\"url\":\"https:\\\/\\\/atlanticgoaltendingacademy.com\\\/wp-content\\\/uploads\\\/2019\\\/03\\\/PCAGA2019-28-of-166.jpg\",\"contentUrl\":\"https:\\\/\\\/atlanticgoaltendingacademy.com\\\/wp-content\\\/uploads\\\/2019\\\/03\\\/PCAGA2019-28-of-166.jpg\",\"width\":4429,\"height\":2953},{\"@type\":\"BreadcrumbList\",\"@id\":\"https:\\\/\\\/atlanticgoaltendingacademy.com\\\/minor-hockey-clinics\\\/#breadcrumb\",\"itemListElement\":[{\"@type\":\"ListItem\",\"position\":1,\"name\":\"Home\",\"item\":\"https:\\\/\\\/atlanticgoaltendingacademy.com\\\/\"},{\"@type\":\"ListItem\",\"position\":2,\"name\":\"MINOR HOCKEY CLINICS\"}]},{\"@type\":\"WebSite\",\"@id\":\"https:\\\/\\\/atlanticgoaltendingacademy.com\\\/#website\",\"url\":\"https:\\\/\\\/atlanticgoaltendingacademy.com\\\/\",\"name\":\"Atlantic Goaltending Academy\",\"description\":\"Atlantic Canada&#039;s Largest Goaltending Academy\",\"publisher\":{\"@id\":\"https:\\\/\\\/atlanticgoaltendingacademy.com\\\/#organization\"},\"potentialAction\":[{\"@type\":\"SearchAction\",\"target\":{\"@type\":\"EntryPoint\",\"urlTemplate\":\"https:\\\/\\\/atlanticgoaltendingacademy.com\\\/?s={search_term_string}\"},\"query-input\":{\"@type\":\"PropertyValueSpecification\",\"valueRequired\":true,\"valueName\":\"search_term_string\"}}],\"inLanguage\":\"fr-FR\"},{\"@type\":\"Organization\",\"@id\":\"https:\\\/\\\/atlanticgoaltendingacademy.com\\\/#organization\",\"name\":\"Atlantic Goaltending Academy\",\"url\":\"https:\\\/\\\/atlanticgoaltendingacademy.com\\\/\",\"logo\":{\"@type\":\"ImageObject\",\"inLanguage\":\"fr-FR\",\"@id\":\"https:\\\/\\\/atlanticgoaltendingacademy.com\\\/#\\\/schema\\\/logo\\\/image\\\/\",\"url\":\"https:\\\/\\\/atlanticgoaltendingacademy.com\\\/wp-content\\\/uploads\\\/2019\\\/02\\\/AHGGoaltendingAcademyLogo_pos-white-g.png\",\"contentUrl\":\"https:\\\/\\\/atlanticgoaltendingacademy.com\\\/wp-content\\\/uploads\\\/2019\\\/02\\\/AHGGoaltendingAcademyLogo_pos-white-g.png\",\"width\":1665,\"height\":726,\"caption\":\"Atlantic Goaltending Academy\"},\"image\":{\"@id\":\"https:\\\/\\\/atlanticgoaltendingacademy.com\\\/#\\\/schema\\\/logo\\\/image\\\/\"},\"sameAs\":[\"https:\\\/\\\/www.facebook.com\\\/AGAGOALTENDING\\\/?ref=bookmarks\",\"https:\\\/\\\/www.instagram.com\\\/atlanticgoaltendingacademy\\\/\"]}]}<\/script>\n<!-- \/ Yoast SEO plugin. -->","yoast_head_json":{"title":"CLINIQUE HOCKEY MINEURE - atlanticgoaltendingacademy","robots":{"index":"index","follow":"follow","max-snippet":"max-snippet:-1","max-image-preview":"max-image-preview:large","max-video-preview":"max-video-preview:-1"},"canonical":"https:\/\/atlanticgoaltendingacademy.com\/minor-hockey-clinics\/","og_locale":"fr_FR","og_type":"article","og_title":"CLINIQUE HOCKEY MINEURE - atlanticgoaltendingacademy","og_url":"https:\/\/atlanticgoaltendingacademy.com\/minor-hockey-clinics\/","og_site_name":"atlanticgoaltendingacademy","article_publisher":"https:\/\/www.facebook.com\/AGAGOALTENDING\/?ref=bookmarks","article_modified_time":"2021-09-13T15:39:57+00:00","og_image":[{"width":4429,"height":2953,"url":"https:\/\/atlanticgoaltendingacademy.com\/wp-content\/uploads\/2019\/03\/PCAGA2019-28-of-166.jpg","type":"image\/jpeg"}],"twitter_card":"summary_large_image","twitter_misc":{"Est. reading time":"2 minutes"},"schema":{"@context":"https:\/\/schema.org","@graph":[{"@type":"WebPage","@id":"https:\/\/atlanticgoaltendingacademy.com\/minor-hockey-clinics\/","url":"https:\/\/atlanticgoaltendingacademy.com\/minor-hockey-clinics\/","name":"CLINIQUE HOCKEY MINEURE - atlanticgoaltendingacademy","isPartOf":{"@id":"https:\/\/atlanticgoaltendingacademy.com\/#website"},"primaryImageOfPage":{"@id":"https:\/\/atlanticgoaltendingacademy.com\/minor-hockey-clinics\/#primaryimage"},"image":{"@id":"https:\/\/atlanticgoaltendingacademy.com\/minor-hockey-clinics\/#primaryimage"},"thumbnailUrl":"https:\/\/atlanticgoaltendingacademy.com\/wp-content\/uploads\/2019\/03\/PCAGA2019-28-of-166.jpg","datePublished":"2019-03-07T00:41:41+00:00","dateModified":"2021-09-13T15:39:57+00:00","breadcrumb":{"@id":"https:\/\/atlanticgoaltendingacademy.com\/minor-hockey-clinics\/#breadcrumb"},"inLanguage":"fr-FR","potentialAction":[{"@type":"ReadAction","target":["https:\/\/atlanticgoaltendingacademy.com\/minor-hockey-clinics\/"]}]},{"@type":"ImageObject","inLanguage":"fr-FR","@id":"https:\/\/atlanticgoaltendingacademy.com\/minor-hockey-clinics\/#primaryimage","url":"https:\/\/atlanticgoaltendingacademy.com\/wp-content\/uploads\/2019\/03\/PCAGA2019-28-of-166.jpg","contentUrl":"https:\/\/atlanticgoaltendingacademy.com\/wp-content\/uploads\/2019\/03\/PCAGA2019-28-of-166.jpg","width":4429,"height":2953},{"@type":"BreadcrumbList","@id":"https:\/\/atlanticgoaltendingacademy.com\/minor-hockey-clinics\/#breadcrumb","itemListElement":[{"@type":"ListItem","position":1,"name":"Home","item":"https:\/\/atlanticgoaltendingacademy.com\/"},{"@type":"ListItem","position":2,"name":"MINOR HOCKEY CLINICS"}]},{"@type":"WebSite","@id":"https:\/\/atlanticgoaltendingacademy.com\/#website","url":"https:\/\/atlanticgoaltendingacademy.com\/","name":"Atlantic Goaltending Academy","description":"Atlantic Canada&#039;s Largest Goaltending Academy","publisher":{"@id":"https:\/\/atlanticgoaltendingacademy.com\/#organization"},"potentialAction":[{"@type":"SearchAction","target":{"@type":"EntryPoint","urlTemplate":"https:\/\/atlanticgoaltendingacademy.com\/?s={search_term_string}"},"query-input":{"@type":"PropertyValueSpecification","valueRequired":true,"valueName":"search_term_string"}}],"inLanguage":"fr-FR"},{"@type":"Organization","@id":"https:\/\/atlanticgoaltendingacademy.com\/#organization","name":"Atlantic Goaltending Academy","url":"https:\/\/atlanticgoaltendingacademy.com\/","logo":{"@type":"ImageObject","inLanguage":"fr-FR","@id":"https:\/\/atlanticgoaltendingacademy.com\/#\/schema\/logo\/image\/","url":"https:\/\/atlanticgoaltendingacademy.com\/wp-content\/uploads\/2019\/02\/AHGGoaltendingAcademyLogo_pos-white-g.png","contentUrl":"https:\/\/atlanticgoaltendingacademy.com\/wp-content\/uploads\/2019\/02\/AHGGoaltendingAcademyLogo_pos-white-g.png","width":1665,"height":726,"caption":"Atlantic Goaltending Academy"},"image":{"@id":"https:\/\/atlanticgoaltendingacademy.com\/#\/schema\/logo\/image\/"},"sameAs":["https:\/\/www.facebook.com\/AGAGOALTENDING\/?ref=bookmarks","https:\/\/www.instagram.com\/atlanticgoaltendingacademy\/"]}]}},"_links":{"self":[{"href":"https:\/\/atlanticgoaltendingacademy.com\/fr\/wp-json\/wp\/v2\/pages\/273","targetHints":{"allow":["GET"]}}],"collection":[{"href":"https:\/\/atlanticgoaltendingacademy.com\/fr\/wp-json\/wp\/v2\/pages"}],"about":[{"href":"https:\/\/atlanticgoaltendingacademy.com\/fr\/wp-json\/wp\/v2\/types\/page"}],"author":[{"embeddable":true,"href":"https:\/\/atlanticgoaltendingacademy.com\/fr\/wp-json\/wp\/v2\/users\/1"}],"replies":[{"embeddable":true,"href":"https:\/\/atlanticgoaltendingacademy.com\/fr\/wp-json\/wp\/v2\/comments?post=273"}],"version-history":[{"count":7,"href":"https:\/\/atlanticgoaltendingacademy.com\/fr\/wp-json\/wp\/v2\/pages\/273\/revisions"}],"predecessor-version":[{"id":1018,"href":"https:\/\/atlanticgoaltendingacademy.com\/fr\/wp-json\/wp\/v2\/pages\/273\/revisions\/1018"}],"wp:featuredmedia":[{"embeddable":true,"href":"https:\/\/atlanticgoaltendingacademy.com\/fr\/wp-json\/wp\/v2\/media\/274"}],"wp:attachment":[{"href":"https:\/\/atlanticgoaltendingacademy.com\/fr\/wp-json\/wp\/v2\/media?parent=273"}],"curies":[{"name":"wp","href":"https:\/\/api.w.org\/{rel}","templated":true}]}}