{"id":2,"date":"2019-02-27T15:18:34","date_gmt":"2019-02-27T15:18:34","guid":{"rendered":"https:\/\/atlanticgoaltendingacademy.com\/?page_id=2"},"modified":"2024-09-04T13:11:38","modified_gmt":"2024-09-04T13:11:38","slug":"atlantic-goaltending-academy","status":"publish","type":"page","link":"https:\/\/atlanticgoaltendingacademy.com\/fr\/atlantic-goaltending-academy\/","title":{"rendered":"BIENVENUE \u00c0 AGA"},"content":{"rendered":"\ngoogle-site-verification=I3bBVjORR97ZqUY5MignqDjovFloGkhLLJYsJ0UppBY\n\n\n\n<p>Nous sommes fi\u00e8res d&#8217;\u00eatre une des divisions du Groupe de Hockey Atlantique (GHA), en 2018 nous avons eu le plaisir de travailler avec plus de 500 gardiens au travers des programmes de printemps du GHA ainsi que nos programmes au travers des Maritimes. <\/p>\n\n\n\n<p>Les Instructeurs Chef, Louis Guay, Jim Fleming, Brian Fleming, Mario Larouche et Dave Kennedy ont plus de 100 ans d&#8217;exp\u00e9rience de d\u00e9veloppement de gardiens de but entre eux.<\/p>\n\n\n\n<ul class=\"wp-block-gallery columns-2 is-cropped wp-block-gallery-1 is-layout-flex wp-block-gallery-is-layout-flex\"><li class=\"blocks-gallery-item\"><figure><img loading=\"lazy\" decoding=\"async\" width=\"1000\" height=\"667\" src=\"https:\/\/atlanticgoaltendingacademy.com\/wp-content\/uploads\/2019\/03\/PCAGA2019-83-of-166.png\" alt=\"\" data-id=\"185\" data-link=\"https:\/\/atlanticgoaltendingacademy.com\/sample-page\/pcaga2019-83-of-166\/\" class=\"wp-image-185\" srcset=\"https:\/\/atlanticgoaltendingacademy.com\/wp-content\/uploads\/2019\/03\/PCAGA2019-83-of-166.png 1000w, https:\/\/atlanticgoaltendingacademy.com\/wp-content\/uploads\/2019\/03\/PCAGA2019-83-of-166-300x200.png 300w, https:\/\/atlanticgoaltendingacademy.com\/wp-content\/uploads\/2019\/03\/PCAGA2019-83-of-166-768x512.png 768w\" sizes=\"auto, (max-width: 1000px) 100vw, 1000px\" \/><\/figure><\/li><li class=\"blocks-gallery-item\"><figure><img loading=\"lazy\" decoding=\"async\" width=\"1000\" height=\"714\" src=\"https:\/\/atlanticgoaltendingacademy.com\/wp-content\/uploads\/2019\/03\/PCAGA2019-85-of-166.png\" alt=\"\" data-id=\"186\" data-link=\"https:\/\/atlanticgoaltendingacademy.com\/sample-page\/pcaga2019-85-of-166\/\" class=\"wp-image-186\" srcset=\"https:\/\/atlanticgoaltendingacademy.com\/wp-content\/uploads\/2019\/03\/PCAGA2019-85-of-166.png 1000w, https:\/\/atlanticgoaltendingacademy.com\/wp-content\/uploads\/2019\/03\/PCAGA2019-85-of-166-300x214.png 300w, https:\/\/atlanticgoaltendingacademy.com\/wp-content\/uploads\/2019\/03\/PCAGA2019-85-of-166-768x548.png 768w\" sizes=\"auto, (max-width: 1000px) 100vw, 1000px\" \/><\/figure><\/li><\/ul>\n\n\n\n<p>De Championnats de la Coupe Memorial (2), Coupe du Pr\u00e9sident (4), Coupe Fred Page \u00e0 des Championnats Atlantique et Championnat de la Coupe Telus, notre \u00e9quipe a travaill\u00e9 avec quelques-uns des meilleurs programmes de hockey au Canada. Des programmes incluant :  <br>Athol Murray College(Notre Dame Hounds), Universit\u00e9 de Moncton Aigles Bleus, (CIS) Saint John Sea Dogs(QMJHL), Acadie-Bathurst Titan(QMJHL), and Woodstock Subway Slammers( MHL ) Pictou County Crushers, St-Francis Xavier University, Grand Falls Rapids, Moncton Midget AAA Flyers.<\/p>\n\n\n\n<p>Nous nous effor\u00e7ons de travailler avec des gardiens et individus locaux pour assurer un bon enseignement, de la confiance et une exp\u00e9rience de d\u00e9veloppement comme individus et pas seulement comme gardien. Cela d\u00e9bute en aidant les plus jeunes g\u00e9n\u00e9rations dans chaque communaut\u00e9. <\/p>\n\n\n\n<p>L&#8217;AGA est engag\u00e9 \u00e0 l&#8217;ann\u00e9e longue de travailler avec des gardiens de tout \u00e2ge et niveau. <\/p>\n\n\n\n<p>Nous vous invitons \u00e0 nous contacter si vous avez des questions : 1-888-421-0000<\/p>\n\n\n\n<ul class=\"wp-block-gallery columns-2 is-cropped wp-block-gallery-2 is-layout-flex wp-block-gallery-is-layout-flex\"><li class=\"blocks-gallery-item\"><figure><img loading=\"lazy\" decoding=\"async\" width=\"960\" height=\"720\" src=\"https:\/\/atlanticgoaltendingacademy.com\/wp-content\/uploads\/2019\/03\/37388351_1966467000038923_417062477155532800_n.jpg\" alt=\"\" data-id=\"187\" data-link=\"https:\/\/atlanticgoaltendingacademy.com\/sample-page\/37388351_1966467000038923_417062477155532800_n\/\" class=\"wp-image-187\" srcset=\"https:\/\/atlanticgoaltendingacademy.com\/wp-content\/uploads\/2019\/03\/37388351_1966467000038923_417062477155532800_n.jpg 960w, https:\/\/atlanticgoaltendingacademy.com\/wp-content\/uploads\/2019\/03\/37388351_1966467000038923_417062477155532800_n-300x225.jpg 300w, https:\/\/atlanticgoaltendingacademy.com\/wp-content\/uploads\/2019\/03\/37388351_1966467000038923_417062477155532800_n-768x576.jpg 768w\" sizes=\"auto, (max-width: 960px) 100vw, 960px\" \/><\/figure><\/li><li class=\"blocks-gallery-item\"><figure><img loading=\"lazy\" decoding=\"async\" width=\"1024\" height=\"683\" src=\"https:\/\/atlanticgoaltendingacademy.com\/wp-content\/uploads\/2019\/03\/Health0542-1-1024x683.jpg\" alt=\"\" data-id=\"189\" data-link=\"https:\/\/atlanticgoaltendingacademy.com\/sample-page\/health0542-2\/\" class=\"wp-image-189\" srcset=\"https:\/\/atlanticgoaltendingacademy.com\/wp-content\/uploads\/2019\/03\/Health0542-1-1024x683.jpg 1024w, https:\/\/atlanticgoaltendingacademy.com\/wp-content\/uploads\/2019\/03\/Health0542-1-300x200.jpg 300w, https:\/\/atlanticgoaltendingacademy.com\/wp-content\/uploads\/2019\/03\/Health0542-1-768x512.jpg 768w\" sizes=\"auto, (max-width: 1024px) 100vw, 1024px\" \/><\/figure><\/li><li class=\"blocks-gallery-item\"><figure><img loading=\"lazy\" decoding=\"async\" width=\"1024\" height=\"756\" src=\"https:\/\/atlanticgoaltendingacademy.com\/wp-content\/uploads\/2019\/03\/group-fitz-changed-2-1024x756.png\" alt=\"\" data-id=\"190\" data-link=\"https:\/\/atlanticgoaltendingacademy.com\/sample-page\/group-fitz-changed-3\/\" class=\"wp-image-190\" srcset=\"https:\/\/atlanticgoaltendingacademy.com\/wp-content\/uploads\/2019\/03\/group-fitz-changed-2-1024x756.png 1024w, https:\/\/atlanticgoaltendingacademy.com\/wp-content\/uploads\/2019\/03\/group-fitz-changed-2-300x222.png 300w, https:\/\/atlanticgoaltendingacademy.com\/wp-content\/uploads\/2019\/03\/group-fitz-changed-2-768x567.png 768w\" sizes=\"auto, (max-width: 1024px) 100vw, 1024px\" \/><\/figure><\/li><\/ul>\n\n\n<p><!--EndFragment--><\/p>\n<p><\/p>\n\n\n<p><\/p>\n","protected":false},"excerpt":{"rendered":"<p>google-site-verification=I3bBVjORR97ZqUY5MignqDjovFloGkhLLJYsJ0UppBY Nous sommes fi\u00e8res d&#8217;\u00eatre une des divisions du Groupe de Hockey Atlantique (GHA), en 2018 nous avons eu le plaisir de travailler avec plus de 500 gardiens au travers des programmes de printemps du GHA ainsi que nos programmes au travers des Maritimes. Les Instructeurs Chef, Louis Guay, Jim Fleming, Brian Fleming, Mario Larouche [&hellip;]<\/p>\n","protected":false},"author":1,"featured_media":1014,"parent":0,"menu_order":0,"comment_status":"closed","ping_status":"open","template":"","meta":{"_themeisle_gutenberg_block_has_review":false,"footnotes":""},"class_list":["post-2","page","type-page","status-publish","has-post-thumbnail","hentry"],"translation":{"provider":"WPGlobus","version":"3.0.2","language":"fr","enabled_languages":["en","fr"],"languages":{"en":{"title":true,"content":true,"excerpt":false},"fr":{"title":true,"content":true,"excerpt":false}}},"yoast_head":"<!-- This site is optimized with the Yoast SEO plugin v27.4 - https:\/\/yoast.com\/product\/yoast-seo-wordpress\/ -->\n<title>BIENVENUE \u00c0 AGA - atlanticgoaltendingacademy<\/title>\n<meta name=\"robots\" content=\"index, follow, max-snippet:-1, max-image-preview:large, max-video-preview:-1\" \/>\n<link rel=\"canonical\" href=\"https:\/\/atlanticgoaltendingacademy.com\/atlantic-goaltending-academy\/\" \/>\n<meta property=\"og:locale\" content=\"fr_FR\" \/>\n<meta property=\"og:type\" content=\"article\" \/>\n<meta property=\"og:title\" content=\"BIENVENUE \u00c0 AGA - atlanticgoaltendingacademy\" \/>\n<meta property=\"og:url\" content=\"https:\/\/atlanticgoaltendingacademy.com\/atlantic-goaltending-academy\/\" \/>\n<meta property=\"og:site_name\" content=\"atlanticgoaltendingacademy\" \/>\n<meta property=\"article:publisher\" content=\"https:\/\/www.facebook.com\/AGAGOALTENDING\/?ref=bookmarks\" \/>\n<meta property=\"article:modified_time\" content=\"2024-09-04T13:11:38+00:00\" \/>\n<meta property=\"og:image\" content=\"https:\/\/atlanticgoaltendingacademy.com\/wp-content\/uploads\/2021\/09\/2021-08-26_08.17.44-scaled.jpg\" \/>\n\t<meta property=\"og:image:width\" content=\"2560\" \/>\n\t<meta property=\"og:image:height\" content=\"1707\" \/>\n\t<meta property=\"og:image:type\" content=\"image\/jpeg\" \/>\n<meta name=\"twitter:card\" content=\"summary_large_image\" \/>\n<meta name=\"twitter:label1\" content=\"Est. reading time\" \/>\n\t<meta name=\"twitter:data1\" content=\"3 minutes\" \/>\n<script type=\"application\/ld+json\" class=\"yoast-schema-graph\">{\"@context\":\"https:\\\/\\\/schema.org\",\"@graph\":[{\"@type\":\"WebPage\",\"@id\":\"https:\\\/\\\/atlanticgoaltendingacademy.com\\\/atlantic-goaltending-academy\\\/\",\"url\":\"https:\\\/\\\/atlanticgoaltendingacademy.com\\\/atlantic-goaltending-academy\\\/\",\"name\":\"BIENVENUE \u00c0 AGA - atlanticgoaltendingacademy\",\"isPartOf\":{\"@id\":\"https:\\\/\\\/atlanticgoaltendingacademy.com\\\/#website\"},\"primaryImageOfPage\":{\"@id\":\"https:\\\/\\\/atlanticgoaltendingacademy.com\\\/atlantic-goaltending-academy\\\/#primaryimage\"},\"image\":{\"@id\":\"https:\\\/\\\/atlanticgoaltendingacademy.com\\\/atlantic-goaltending-academy\\\/#primaryimage\"},\"thumbnailUrl\":\"https:\\\/\\\/atlanticgoaltendingacademy.com\\\/wp-content\\\/uploads\\\/2021\\\/09\\\/2021-08-26_08.17.44-scaled.jpg\",\"datePublished\":\"2019-02-27T15:18:34+00:00\",\"dateModified\":\"2024-09-04T13:11:38+00:00\",\"description\":\"Goaltending Schools located in Moncton N.B. , Saint John N.B.& Nova Scotia. We offer training for all levels from U7 to Pro.\",\"breadcrumb\":{\"@id\":\"https:\\\/\\\/atlanticgoaltendingacademy.com\\\/atlantic-goaltending-academy\\\/#breadcrumb\"},\"inLanguage\":\"fr-FR\",\"potentialAction\":[{\"@type\":\"ReadAction\",\"target\":[\"https:\\\/\\\/atlanticgoaltendingacademy.com\\\/atlantic-goaltending-academy\\\/\"]}]},{\"@type\":\"ImageObject\",\"inLanguage\":\"fr-FR\",\"@id\":\"https:\\\/\\\/atlanticgoaltendingacademy.com\\\/atlantic-goaltending-academy\\\/#primaryimage\",\"url\":\"https:\\\/\\\/atlanticgoaltendingacademy.com\\\/wp-content\\\/uploads\\\/2021\\\/09\\\/2021-08-26_08.17.44-scaled.jpg\",\"contentUrl\":\"https:\\\/\\\/atlanticgoaltendingacademy.com\\\/wp-content\\\/uploads\\\/2021\\\/09\\\/2021-08-26_08.17.44-scaled.jpg\",\"width\":2560,\"height\":1707},{\"@type\":\"BreadcrumbList\",\"@id\":\"https:\\\/\\\/atlanticgoaltendingacademy.com\\\/atlantic-goaltending-academy\\\/#breadcrumb\",\"itemListElement\":[{\"@type\":\"ListItem\",\"position\":1,\"name\":\"Home\",\"item\":\"https:\\\/\\\/atlanticgoaltendingacademy.com\\\/\"},{\"@type\":\"ListItem\",\"position\":2,\"name\":\"WELCOME TO AGA\"}]},{\"@type\":\"WebSite\",\"@id\":\"https:\\\/\\\/atlanticgoaltendingacademy.com\\\/#website\",\"url\":\"https:\\\/\\\/atlanticgoaltendingacademy.com\\\/\",\"name\":\"Atlantic Goaltending Academy\",\"description\":\"Atlantic Canada&#039;s Largest Goaltending Academy\",\"publisher\":{\"@id\":\"https:\\\/\\\/atlanticgoaltendingacademy.com\\\/#organization\"},\"potentialAction\":[{\"@type\":\"SearchAction\",\"target\":{\"@type\":\"EntryPoint\",\"urlTemplate\":\"https:\\\/\\\/atlanticgoaltendingacademy.com\\\/?s={search_term_string}\"},\"query-input\":{\"@type\":\"PropertyValueSpecification\",\"valueRequired\":true,\"valueName\":\"search_term_string\"}}],\"inLanguage\":\"fr-FR\"},{\"@type\":\"Organization\",\"@id\":\"https:\\\/\\\/atlanticgoaltendingacademy.com\\\/#organization\",\"name\":\"Atlantic Goaltending Academy\",\"url\":\"https:\\\/\\\/atlanticgoaltendingacademy.com\\\/\",\"logo\":{\"@type\":\"ImageObject\",\"inLanguage\":\"fr-FR\",\"@id\":\"https:\\\/\\\/atlanticgoaltendingacademy.com\\\/#\\\/schema\\\/logo\\\/image\\\/\",\"url\":\"https:\\\/\\\/atlanticgoaltendingacademy.com\\\/wp-content\\\/uploads\\\/2019\\\/02\\\/AHGGoaltendingAcademyLogo_pos-white-g.png\",\"contentUrl\":\"https:\\\/\\\/atlanticgoaltendingacademy.com\\\/wp-content\\\/uploads\\\/2019\\\/02\\\/AHGGoaltendingAcademyLogo_pos-white-g.png\",\"width\":1665,\"height\":726,\"caption\":\"Atlantic Goaltending Academy\"},\"image\":{\"@id\":\"https:\\\/\\\/atlanticgoaltendingacademy.com\\\/#\\\/schema\\\/logo\\\/image\\\/\"},\"sameAs\":[\"https:\\\/\\\/www.facebook.com\\\/AGAGOALTENDING\\\/?ref=bookmarks\",\"https:\\\/\\\/www.instagram.com\\\/atlanticgoaltendingacademy\\\/\"]}]}<\/script>\n<!-- \/ Yoast SEO plugin. -->","yoast_head_json":{"title":"BIENVENUE \u00c0 AGA - atlanticgoaltendingacademy","robots":{"index":"index","follow":"follow","max-snippet":"max-snippet:-1","max-image-preview":"max-image-preview:large","max-video-preview":"max-video-preview:-1"},"canonical":"https:\/\/atlanticgoaltendingacademy.com\/atlantic-goaltending-academy\/","og_locale":"fr_FR","og_type":"article","og_title":"BIENVENUE \u00c0 AGA - atlanticgoaltendingacademy","og_url":"https:\/\/atlanticgoaltendingacademy.com\/atlantic-goaltending-academy\/","og_site_name":"atlanticgoaltendingacademy","article_publisher":"https:\/\/www.facebook.com\/AGAGOALTENDING\/?ref=bookmarks","article_modified_time":"2024-09-04T13:11:38+00:00","og_image":[{"width":2560,"height":1707,"url":"https:\/\/atlanticgoaltendingacademy.com\/wp-content\/uploads\/2021\/09\/2021-08-26_08.17.44-scaled.jpg","type":"image\/jpeg"}],"twitter_card":"summary_large_image","twitter_misc":{"Est. reading time":"3 minutes"},"schema":{"@context":"https:\/\/schema.org","@graph":[{"@type":"WebPage","@id":"https:\/\/atlanticgoaltendingacademy.com\/atlantic-goaltending-academy\/","url":"https:\/\/atlanticgoaltendingacademy.com\/atlantic-goaltending-academy\/","name":"BIENVENUE \u00c0 AGA - atlanticgoaltendingacademy","isPartOf":{"@id":"https:\/\/atlanticgoaltendingacademy.com\/#website"},"primaryImageOfPage":{"@id":"https:\/\/atlanticgoaltendingacademy.com\/atlantic-goaltending-academy\/#primaryimage"},"image":{"@id":"https:\/\/atlanticgoaltendingacademy.com\/atlantic-goaltending-academy\/#primaryimage"},"thumbnailUrl":"https:\/\/atlanticgoaltendingacademy.com\/wp-content\/uploads\/2021\/09\/2021-08-26_08.17.44-scaled.jpg","datePublished":"2019-02-27T15:18:34+00:00","dateModified":"2024-09-04T13:11:38+00:00","description":"Goaltending Schools located in Moncton N.B. , Saint John N.B.& Nova Scotia. We offer training for all levels from U7 to Pro.","breadcrumb":{"@id":"https:\/\/atlanticgoaltendingacademy.com\/atlantic-goaltending-academy\/#breadcrumb"},"inLanguage":"fr-FR","potentialAction":[{"@type":"ReadAction","target":["https:\/\/atlanticgoaltendingacademy.com\/atlantic-goaltending-academy\/"]}]},{"@type":"ImageObject","inLanguage":"fr-FR","@id":"https:\/\/atlanticgoaltendingacademy.com\/atlantic-goaltending-academy\/#primaryimage","url":"https:\/\/atlanticgoaltendingacademy.com\/wp-content\/uploads\/2021\/09\/2021-08-26_08.17.44-scaled.jpg","contentUrl":"https:\/\/atlanticgoaltendingacademy.com\/wp-content\/uploads\/2021\/09\/2021-08-26_08.17.44-scaled.jpg","width":2560,"height":1707},{"@type":"BreadcrumbList","@id":"https:\/\/atlanticgoaltendingacademy.com\/atlantic-goaltending-academy\/#breadcrumb","itemListElement":[{"@type":"ListItem","position":1,"name":"Home","item":"https:\/\/atlanticgoaltendingacademy.com\/"},{"@type":"ListItem","position":2,"name":"WELCOME TO AGA"}]},{"@type":"WebSite","@id":"https:\/\/atlanticgoaltendingacademy.com\/#website","url":"https:\/\/atlanticgoaltendingacademy.com\/","name":"Atlantic Goaltending Academy","description":"Atlantic Canada&#039;s Largest Goaltending Academy","publisher":{"@id":"https:\/\/atlanticgoaltendingacademy.com\/#organization"},"potentialAction":[{"@type":"SearchAction","target":{"@type":"EntryPoint","urlTemplate":"https:\/\/atlanticgoaltendingacademy.com\/?s={search_term_string}"},"query-input":{"@type":"PropertyValueSpecification","valueRequired":true,"valueName":"search_term_string"}}],"inLanguage":"fr-FR"},{"@type":"Organization","@id":"https:\/\/atlanticgoaltendingacademy.com\/#organization","name":"Atlantic Goaltending Academy","url":"https:\/\/atlanticgoaltendingacademy.com\/","logo":{"@type":"ImageObject","inLanguage":"fr-FR","@id":"https:\/\/atlanticgoaltendingacademy.com\/#\/schema\/logo\/image\/","url":"https:\/\/atlanticgoaltendingacademy.com\/wp-content\/uploads\/2019\/02\/AHGGoaltendingAcademyLogo_pos-white-g.png","contentUrl":"https:\/\/atlanticgoaltendingacademy.com\/wp-content\/uploads\/2019\/02\/AHGGoaltendingAcademyLogo_pos-white-g.png","width":1665,"height":726,"caption":"Atlantic Goaltending Academy"},"image":{"@id":"https:\/\/atlanticgoaltendingacademy.com\/#\/schema\/logo\/image\/"},"sameAs":["https:\/\/www.facebook.com\/AGAGOALTENDING\/?ref=bookmarks","https:\/\/www.instagram.com\/atlanticgoaltendingacademy\/"]}]}},"_links":{"self":[{"href":"https:\/\/atlanticgoaltendingacademy.com\/fr\/wp-json\/wp\/v2\/pages\/2","targetHints":{"allow":["GET"]}}],"collection":[{"href":"https:\/\/atlanticgoaltendingacademy.com\/fr\/wp-json\/wp\/v2\/pages"}],"about":[{"href":"https:\/\/atlanticgoaltendingacademy.com\/fr\/wp-json\/wp\/v2\/types\/page"}],"author":[{"embeddable":true,"href":"https:\/\/atlanticgoaltendingacademy.com\/fr\/wp-json\/wp\/v2\/users\/1"}],"replies":[{"embeddable":true,"href":"https:\/\/atlanticgoaltendingacademy.com\/fr\/wp-json\/wp\/v2\/comments?post=2"}],"version-history":[{"count":10,"href":"https:\/\/atlanticgoaltendingacademy.com\/fr\/wp-json\/wp\/v2\/pages\/2\/revisions"}],"predecessor-version":[{"id":1487,"href":"https:\/\/atlanticgoaltendingacademy.com\/fr\/wp-json\/wp\/v2\/pages\/2\/revisions\/1487"}],"wp:featuredmedia":[{"embeddable":true,"href":"https:\/\/atlanticgoaltendingacademy.com\/fr\/wp-json\/wp\/v2\/media\/1014"}],"wp:attachment":[{"href":"https:\/\/atlanticgoaltendingacademy.com\/fr\/wp-json\/wp\/v2\/media?parent=2"}],"curies":[{"name":"wp","href":"https:\/\/api.w.org\/{rel}","templated":true}]}}